{"id":1560,"date":"2025-07-30T13:55:37","date_gmt":"2025-07-30T13:55:37","guid":{"rendered":"https:\/\/iamarif.com\/demo\/energie\/?page_id=1560"},"modified":"2025-07-30T14:12:49","modified_gmt":"2025-07-30T14:12:49","slug":"datenschutzbestimmungen","status":"publish","type":"page","link":"https:\/\/iamarif.com\/demo\/energie\/datenschutzbestimmungen\/","title":{"rendered":"Datenschutzbestimmungen"},"content":{"rendered":"\t\t<div data-elementor-type=\"wp-page\" data-elementor-id=\"1560\" class=\"elementor elementor-1560\" data-elementor-post-type=\"page\">\n\t\t\t\t<div class=\"elementor-element elementor-element-04cf394 e-flex e-con-boxed e-con e-parent\" data-id=\"04cf394\" data-element_type=\"container\" data-settings=\"{&quot;jet_parallax_layout_list&quot;:[]}\">\n\t\t\t\t\t<div class=\"e-con-inner\">\n\t\t\t\t<div class=\"elementor-element elementor-element-b84c4e1 elementor-widget elementor-widget-heading\" data-id=\"b84c4e1\" data-element_type=\"widget\" data-widget_type=\"heading.default\">\n\t\t\t\t\t<h2 class=\"elementor-heading-title elementor-size-default\">Datenschutzbestimmungen<\/h2>\t\t\t\t<\/div>\n\t\t\t\t\t<\/div>\n\t\t\t\t<\/div>\n\t\t<div class=\"elementor-element elementor-element-2c8b5d49 e-flex e-con-boxed e-con e-parent\" data-id=\"2c8b5d49\" data-element_type=\"container\" data-settings=\"{&quot;jet_parallax_layout_list&quot;:[]}\">\n\t\t\t\t\t<div class=\"e-con-inner\">\n\t\t\t\t<div class=\"elementor-element elementor-element-15409b90 elementor-widget elementor-widget-text-editor\" data-id=\"15409b90\" data-element_type=\"widget\" data-widget_type=\"text-editor.default\">\n\t\t\t\t\t\t\t\t\t\n<h3 class=\"wp-block-heading\">Wer wir sind<\/h3>\n\n<p>Die Adresse unserer Website ist: https:\/\/energiesysteme-bayern.de\/<\/p>\n\n<h3 class=\"wp-block-heading\">Kommentare<\/h3>\n\n<p>Wenn Besucher Kommentare auf der Website schreiben, sammeln wir die Daten, die im KommentarFormular angezeigt werden, au\u00dferdem die IP-Adresse des Besuchers und den User-Agent-String<br \/>(damit wird der Browser identifiziert), um die Erkennung von Spam zu unterst\u00fctzen.<\/p>\n\n<p>Aus deiner E-Mail-Adresse kann eine anonymisierte Zeichenfolge erstellt (auch Hash genannt) und<br \/>dem Gravatar-Dienst \u00fcbergeben werden, um zu pr\u00fcfen, ob du diesen benutzt. Die<br \/>Datenschutzerkl\u00e4rung des Gravatar-Dienstes findest du hier: https:\/\/automattic.com\/privacy\/.<br \/>Nachdem dein Kommentar freigegeben wurde, ist dein Profilbild \u00f6ffentlich im Kontext deines<br \/>Kommentars sichtbar.<\/p>\n\n<h3 class=\"wp-block-heading\">Medien<\/h3>\n\n<p>Wenn du ein registrierter Benutzer bist und Fotos auf diese Website l\u00e4dst, solltest du vermeiden,<br \/>Fotos mit einem EXIF-GPS-Standort hochzuladen. Besucher dieser Website k\u00f6nnten Fotos, die auf<br \/>dieser Website gespeichert sind, herunterladen und deren Standort-Informationen extrahieren.<\/p>\n\n<h3 class=\"wp-block-heading\">Cookies<\/h3>\n\n<p>Wenn du einen Kommentar auf unserer Website schreibst, kann das eine Einwilligung sein, deinen<br \/>Namen, E-Mail-Adresse und Website in Cookies zu speichern. Dies ist eine Komfortfunktion, damit<br \/>du nicht, wenn du einen weiteren Kommentar schreibst, all diese Daten erneut eingeben musst.<br \/>Diese Cookies werden ein Jahr lang gespeichert.<\/p>\n\n<p><br \/>Falls du ein Konto hast und dich auf dieser Website anmeldest, werden wir ein tempor\u00e4res Cookie<br \/>setzen, um festzustellen, ob dein Browser Cookies akzeptiert. Dieses Cookie enth\u00e4lt keine<br \/>personenbezogenen Daten und wird verworfen, wenn du deinen Browser schlie\u00dft.<\/p>\n\n<p><br \/>Wenn du dich anmeldest, werden wir einige Cookies einrichten, um deine Anmeldeinformationen und<br \/>Anzeigeoptionen zu speichern. Anmelde-Cookies verfallen nach zwei Tagen und Cookies f\u00fcr die<br \/>Anzeigeoptionen nach einem Jahr. Falls du bei der Anmeldung \u201eAngemeldet bleiben\u201c ausw\u00e4hlst, wird<br \/>deine Anmeldung zwei Wochen lang aufrechterhalten. Mit der Abmeldung aus deinem Konto werden<br \/>die Anmelde-Cookies gel\u00f6scht.<\/p>\n\n<p><br \/>Wenn du einen Artikel bearbeitest oder ver\u00f6ffentlichst, wird ein zus\u00e4tzlicher Cookie in deinem<br \/>Browser gespeichert. Dieser Cookie enth\u00e4lt keine personenbezogenen Daten und verweist nur auf<br \/>die Beitrags-ID des Artikels, den du gerade bearbeitet hast. Der Cookie verf\u00e4llt nach einem Tag.<\/p>\n\n<h3 class=\"wp-block-heading\">Eingebettete Inhalte von anderen Websites<\/h3>\n\n<p>Beitr\u00e4ge auf dieser Website k\u00f6nnen eingebettete Inhalte beinhalten (z. B. Videos, Bilder, Beitr\u00e4ge<br \/>etc.). Eingebettete Inhalte von anderen Websites verhalten sich exakt so, als ob der Besucher die<br \/>andere Website besucht h\u00e4tte.<\/p>\n\n<p><br \/>Diese Websites k\u00f6nnen Daten \u00fcber dich sammeln, Cookies benutzen, zus\u00e4tzliche Tracking-Dienste<br \/>von Dritten einbetten und deine Interaktion mit diesem eingebetteten Inhalt aufzeichnen, inklusive<br \/>deiner Interaktion mit dem eingebetteten Inhalt, falls du ein Konto hast und auf dieser Website<br \/>angemeldet bist.<\/p>\n\n<h3 class=\"wp-block-heading\">Mit wem wir deine Daten teilen<\/h3>\n\n<p>Wenn du eine Zur\u00fccksetzung des Passworts beantragst, wird deine IP-Adresse in der E-Mail zur<br \/>Zur\u00fccksetzung enthalten sein.<\/p>\n\n<h3 class=\"wp-block-heading\">Wie lange wir deine Daten speichern<\/h3>\n\n<p>Wenn du einen Kommentar schreibst, wird dieser inklusive Metadaten zeitlich unbegrenzt<br \/>gespeichert. Auf diese Art k\u00f6nnen wir Folgekommentare automatisch erkennen und freigeben, anstatt<br \/>sie in einer Moderations-Warteschlange festzuhalten.<\/p>\n\n<p><br \/>F\u00fcr Benutzer, die sich auf unserer Website registrieren, speichern wir zus\u00e4tzlich die pers\u00f6nlichen<br \/>Informationen, die sie in ihren Benutzerprofilen angeben. Alle Benutzer k\u00f6nnen jederzeit ihre<br \/>pers\u00f6nlichen Informationen einsehen, ver\u00e4ndern oder l\u00f6schen (der Benutzername kann nicht<br \/>ver\u00e4ndert werden). Administratoren der Website k\u00f6nnen diese Informationen ebenfalls einsehen und<br \/>ver\u00e4ndern.<\/p>\n\n<h3 class=\"wp-block-heading\">Welche Rechte du an deinen Daten hast<\/h3>\n\n<p>Wenn du ein Konto auf dieser Website besitzt oder Kommentare geschrieben hast, kannst du einen<br \/>Export deiner personenbezogenen Daten bei uns anfordern, inklusive aller Daten, die du uns<br \/>mitgeteilt hast. Dar\u00fcber hinaus kannst du die L\u00f6schung aller personenbezogenen Daten, die wir von<br \/>dir gespeichert haben, anfordern. Dies umfasst nicht die Daten, die wir aufgrund administrativer,<br \/>rechtlicher oder sicherheitsrelevanter Notwendigkeiten aufbewahren m\u00fcssen.<\/p>\n\n<h3 class=\"wp-block-heading\">Wohin deine Daten gesendet werden<\/h3>\n\n<p>Besucher-Kommentare k\u00f6nnten von einem automatisierten Dienst zur Spam-Erkennung untersucht werden.<\/p>\n\n<p>Zur Verwaltung der eingesetzten Cookies und \u00e4hnlichen Technologien (Tracking-Pixel, Web-Beacons etc.) und diesbez\u00fcglicher Einwilligungen setzen wir das Consent Tool \u201cReal Cookie Banner\u201d ein. Details zur Funktionsweise von \u201cReal Cookie Banner\u201d findest du unter <a href=\"\u201dhttps:\/\/devowl.io\/de\/rcb\/datenverarbeitung\/\u201d\">https:\/\/devowl.io\/de\/rcb\/datenverarbeitung\/<\/a>.<\/p>\n\n<p>Rechtsgrundlagen f\u00fcr die Verarbeitung von personenbezogenen Daten in diesem Zusammenhang sind Art. 6 Abs. 1 lit. c DS-GVO und Art. 6 Abs. 1 lit. f DS-GVO. Unser berechtigtes Interesse ist die Verwaltung der eingesetzten Cookies und \u00e4hnlichen Technologien und der diesbez\u00fcglichen Einwilligungen.<\/p>\n\n<p>Die Bereitstellung der personenbezogenen Daten ist weder vertraglich vorgeschrieben noch f\u00fcr den Abschluss eines Vertrages notwendig. Du bist nicht verpflichtet die personenbezogenen Daten bereitzustellen. Wenn du die personenbezogenen Daten nicht bereitstellst, k\u00f6nnen wir deine Einwilligungen nicht verwalten.<\/p>\n\n<h3 class=\"wp-block-heading\">AGB<\/h3>\n\n<p>Mit Unterzeichnung durch den Kunden und der Best\u00e4tigung durch ESB Konzept GmbH (nachfolgend<br \/>\u201eESB\u201c) bzw. dem Vertriebspartner wird ein wirksamer Vertrag mit der ESB geschlossen.<\/p>\n\n<h3 class=\"wp-block-heading\">Finanzierung:<\/h3>\n\n<p>Der Kunde erteilt zu Finanzierungszwecken mit Angebotsunterzeichnung das entsprechend<br \/>\u00fcbergebene Formblatt der Selbstauskunft gegen\u00fcber ESB \u00fcber seine pers\u00f6nlichen und<br \/>wirtschaftlichen Verh\u00e4ltnisse. Dem Kunden steht es frei, die Finanzierungszusage bei der Bank selbst<br \/>einzuholen und ESB nachzuweisen. Erh\u00e4lt der Kunde eine Finanzierungsablehnung und\/oder liegt<br \/>ESB eine schriftliche Finanzierungsablehnung bzw. \u2013zusage nicht innerhalb von 30 Tagen nach<br \/>Angebotsunterzeichnung vor, steht es ESB frei, eine Finanzierungszusage aufgrund der<br \/>Selbstauskunft zu folgenden Konditionen einzuholen: max. 4,50% effektiver Jahreszins und max. 20<br \/>Jahre Laufzeit.<\/p>\n\n<h3 class=\"wp-block-heading\">Umsatzsteuer:<\/h3>\n\n<p>Alle von ESB angegebenen Preise verstehen sich grunds\u00e4tzlich netto. Die auf den Rechnungen von<br \/>ESB ausgewiesene Umsatzsteuer muss von dem Kunden bei F\u00e4lligkeit der Rechnung bezahlt<br \/>werden. Zahlungspflicht\/\u2013zeitpunkt sind nicht davon abh\u00e4ngig, ob\/wann der Kunde vom Finanzamt<br \/>eine Vorsteuererstattung erh\u00e4lt<\/p>\n\n<h3 class=\"wp-block-heading\">Stromz\u00e4hler:<\/h3>\n\n<p>Wird\/werden vom jeweiligen Netzbetreiber gestellt. Es besteht keine Haftung der ESB f\u00fcr<br \/>Verz\u00f6gerungen bei der Terminvergabe f\u00fcr die Z\u00e4hlermontage durch den Netzbetreiber. Wenn der<br \/>Netzbetreiber f\u00fcr die Montage des neuen Stromz\u00e4hlers die Anwesenheit des seitens der ESB<br \/>beauftragten Installationsunternehmens w\u00fcnscht, ist der Kunde verpflichtet, die dadurch<br \/>entstandenen Mehrkosten der ESB bis zur H\u00f6he von EUR 300,00 zzgl. MwSt. gegen Nachweis zu<br \/>erstatten.<\/p>\n\n<h3 class=\"wp-block-heading\">Wirtschaftlichkeitsberechnung:<\/h3>\n\n<p>Angenommene\/errechnete PV\u2013Ertr\u00e4ge und ein Autarkiegrad sind lediglich theoretisch errechnete<br \/>Werte und k\u00f6nnen von den tats\u00e4chlich durch die Anlage erreichten Werten abweichen. Hierf\u00fcr<br \/>\u00fcbernimmt ESB keine Haftung. Diese werden nicht Gesch\u00e4ftsgrundlage sowie nicht<br \/>Vertragsbestandteil des Vertrages.<\/p>\n\n<h3 class=\"wp-block-heading\">Verschattung\/Verschmutzung:<\/h3>\n\n<p>Dem Kunden ist bekannt, dass Verschattungen und\/oder Verschmutzungen der PV\u2013Anlage einen<br \/>negativen Einfluss auf die theoretisch errechneten Ertr\u00e4ge haben k\u00f6nnen. ESB \u00fcbernimmt f\u00fcr die<br \/>Freiheit von Verschattungen und\/oder Verschmutzungen keine Haftung.<\/p>\n\n<p><br \/>Staatliche F\u00f6rderung:<\/p>\n\n<p><br \/>ESB steht nicht daf\u00fcr ein, dass der Kunde f\u00fcr die Errichtung und\/oder den Betrieb der Anlagen<br \/>staatliche F\u00f6rderungen erh\u00e4lt.<\/p>\n\n<h3 class=\"wp-block-heading\">Termine:<\/h3>\n\n<p>In dem Vertrag genannte Bau\u2013 und\/oder Liefertermine sind Wunschtermine und daher unverbindlich.<br \/>Die Einhaltung von Terminen steht zudem unter dem Vorbehalt der mangelfreien und rechtzeitigen<br \/>Selbstbelieferung durch Unterlieferanten bzw. Zulieferer der ESB. Alle Termine setzen voraus, dass<br \/>der Kunde seine Mitwirkungspflichten vollst\u00e4ndig und rechtzeitig erf\u00fcllt, insbesondere den<br \/>fristgem\u00e4\u00dfen sowie vollst\u00e4ndigen Zahlungseingang. Ein etwaiger eintretender Verzug bei der<br \/>Lieferung sowie Ausf\u00fchrung der vereinbarten Leistungen inkl. der sich aus dem Verzug ergebenden<br \/>Rechtsfolgen setzt in jedem Fall eigenes Verschulden der ESB voraus.<\/p>\n\n<h3 class=\"wp-block-heading\">Bestandsanlagen:<\/h3>\n\n<p>M\u00fcssen den technischen Normen der VDE 0100 und den technischen Anschlussbedingungen des<br \/>regionalen Netzbetreibers entsprechen<\/p>\n\n<h3 class=\"wp-block-heading\">Netzanschluss:<\/h3>\n\n<p>ESB wird den Netzbetreiber alsbald nach Vertragsabschluss anfragen, ob die Photovoltaikanlage an<br \/>das Netz angeschlossen werden kann. ESB haftet nicht f\u00fcr die Richtigkeit oder Aktualit\u00e4t der<br \/>Ausk\u00fcnfte des Netzbetreibers und f\u00fcr etwaige Kosten, die von dem Netzbetreiber sp\u00e4ter ggfls.<br \/>geltend gemacht werden.<\/p>\n\n<h3 class=\"wp-block-heading\">Erdarbeiten:<\/h3>\n\n<p>Gegebenenfalls notwendige Erdarbeiten geh\u00f6ren nicht zu den von ESB geschuldeten Leistungen.<br \/>Elektroverteilung: Die Hauselektrik muss in einem Zustand sein, der die Installation der PV\u2013Anlage<br \/>technisch realisierbar macht. Es wird der vorhandene Z\u00e4hlerschrank genutzt. Sollte ein 2\u2013teiliger<br \/>Z\u00e4hlerschrank bauseits notwendig sein, so sind die Kosten vom Kunden zu tragen (vorhandener<br \/>Z\u00e4hlerschrank bleibt bestehen, Anlage wird nicht umgeschwenkt).<\/p>\n\n<h3 class=\"wp-block-heading\">Erdung der PV-Anlage:<\/h3>\n\n<p>Wird eingebunden an den zwingend bauseits vorhandenen Potentialausgleich.Teilabnahme: Der<br \/>Kunde ist auf Verlangen von ESB verpflichtet, die vereinbarten Leistungen teilabzunehmen, auch<br \/>wenn zu diesem Zeitpunkt die Elektroinstallation &amp; AC\u2013Montage und die Dokumentation noch nicht<br \/>erbracht sind. Die Elektroinstallation &amp; AC\u2013Montage ist unter den derzeitigen Bedingungen (abh\u00e4ngig<br \/>von der Region und Anlagengr\u00f6\u00dfe) fr\u00fchestens 6 Wochen nach DC\u2013Montage m\u00f6glich. Die<br \/>Dokumentation wird dem Kunden binnen 6 Monaten nach Teilabnahme \u00fcbergeben.<\/p>\n\n<h3 class=\"wp-block-heading\">Fertigstellung:<\/h3>\n\n<p>Dieser Vertrag ist durch ESB erf\u00fcllt mit vollst\u00e4ndiger Lieferung und Herstellung einer betriebsbereiten<br \/>AnlageEin stabiles Internet, kein Ausfall \u00fcber 72h und die Statik des Dachstuhls sind vom Kunden<br \/>sicherzustellen.(exklusive Z\u00e4hlerwechsel des Netzbetreibers und Netzanschluss). Die Anlage ist<br \/>betriebsbereit mit schriftlicher Fertigstellungsanzeige durch das von ESB beauftragte<br \/>Installationsunternehmen gegen\u00fcber ESB, was ESB und der Kunde in einem Abnahmeprotokoll \u00fcber<br \/>die AC\u2013Montage festhalten.<\/p>\n\n<h3 class=\"wp-block-heading\">R\u00fccktritt bei sehr langer Lieferverz\u00f6gerung:<\/h3>\n\n<p>Der Kunde ist zudem dar\u00fcber informiert, dass es aufgrund einer geopolitischen Lage und\/oder in<br \/>Folge einer post\u2013pandemischen Situation zu Engp\u00e4ssen hinsichtlich der Lieferung Materialen und<br \/>Bauteilen, insbesondere bei Stromspeichern, Lithium\u2013Akkus, Aluminium und\/oder<br \/>Photovoltaikmodulen, kommen kann. Hier\u00fcber erh\u00e4lt der Kunde von ESB eine Mitteilung. Dem<br \/>Kunden ist bewusst, dass aufgrund der vorbenannten Umst\u00e4nde eine Lieferverz\u00f6gerung von bis zu<br \/>12 Monaten eintreten kann. Die Parteien vereinbaren, dass dem Kunden im Falle einer<br \/>Lieferverz\u00f6gerung von mehr als 12 Monaten ein R\u00fccktrittsrecht einger\u00e4umt wird. Diesbez\u00fcglich<br \/>gelten die gesetzlichen Regelungen \u00fcber den R\u00fccktritt im Sinne von \u00a7\u00a7 346 ff. BGB. Der R\u00fccktritt ist<br \/>ausgeschlossen, wenn die Nachlieferung in den n\u00e4chsten zwei (2) Wochen zugesagt ist oder die<br \/>noch ausstehenden Nachlieferungen die grundlegende Funktionalit\u00e4t der Anlage nicht wesentlich<br \/>beeintr\u00e4chtigen.<\/p>\n\n<h3 class=\"wp-block-heading\">Materialpreisanpassung oder R\u00fccktritt:<\/h3>\n\n<p>F\u00fcr den Fall, dass nach Vertragsschluss die von ESB zu zahlenden Netto\u2013Einkaufspreise f\u00fcr die<br \/>vertragsgegenst\u00e4ndlichen Materialien und Bauteile, insbesondere bei Stromspeichern, Lithium\u2013<br \/>Akkus, Aliminium und\/oder Photovoltaikmodulen, zum Zeitpunkt der Lieferung an den Kunden um<br \/>mehr als 10 Prozent steigen oder fallen sollten, hat jede der beiden Vertragsparteien das Recht, von<br \/>der jeweils anderen den Eintritt in erg\u00e4nzende Verhandlungen zu verlangen, mit dem Ziel, durch<br \/>Vereinbarung eine angemessene Anpassung der vertraglich vereinbarten Preise f\u00fcr die betroffenen<br \/>vertragsgegenst\u00e4ndlichen Materialien und Bauteile an die aktuellen Preise herbeizuf\u00fchren. Sollte<br \/>zwischen den Vertragsparteien keine Einigung \u00fcber die Anpassung des Vertrages erzielt werden<br \/>k\u00f6nnen, steht beiden Parteien das Recht zu, innerhalb von 14 Tagen nach Scheitern der<br \/>Vertragsanpassungsgespr\u00e4che vom Vertrag zur\u00fccktreten zu k\u00f6nnen. Diesbez\u00fcglich gelten die<br \/>gesetzlichen Regelungen \u00fcber den R\u00fccktritt im Sinne der \u00a7\u00a7 346 ff. BGB.<\/p>\n\n<h3 class=\"wp-block-heading\">Elektrische Pr\u00fcfungen:<\/h3>\n\n<p>Die Pr\u00fcfung der elektrischen Anlage (u.a. Isolationsmessung, Schleifenwiderstand, Innenwiderstand,<br \/>Ausl\u00f6sung FI\u2013Schalter) durch den Installateur beinhaltet ausschlie\u00dflich die im Zusammenhang mit<br \/>der Speicherinstallation neu errichteten Anlagenteile.<\/p>\n\n<h3 class=\"wp-block-heading\">Schadensersatz:<\/h3>\n\n<p>Bei Nichterf\u00fcllung des Vertrages durch den Kunden betr\u00e4gt der Schadensersatz pauschal 20% vom<br \/>Nettovertragswert (ohne Mehrwertsteuer). Dem Kunden bleibt nachgelassen nachzuweisen, dass ein<br \/>Schaden \u00fcberhaupt nicht oder nicht in dieser H\u00f6he entstanden ist. Die Geltendmachung eines<br \/>h\u00f6heren Schadens durch ESB bleibt vorbehalten.<\/p>\n\n<h3 class=\"wp-block-heading\">K\u00fcndigungsrecht des Kunden:<\/h3>\n\n<p>Macht der Kunde von dem ihm nach \u00a7 648 BGB (bei unzumutbarer Ausf\u00fchrung) Gebrauch, sind die<br \/>bis zur K\u00fcndigung von ESB erbrachten Leistungen zu verg\u00fcten und zus\u00e4tzlich pauschal 20% der zum<br \/>K\u00fcndigungszeitpunkt noch nichterbrachten Leistungen. Dem Kunden bleibt nachgelassen<br \/>nachzuweisen, dass der Abzug h\u00f6her als 80% ist. ESB bleibtnachgelassen, einen niedrigeren Abzug<br \/>nachzuweisen und damit eine h\u00f6here Verg\u00fctung f\u00fcr die nicht erbrachten Leistungengel-tend zu<br \/>machen.<\/p>\n\n<h3 class=\"wp-block-heading\">Schlussrechnungsstellung:<\/h3>\n\n<p>ESB wird nach Teilabnahme die Schlussrechnung stellen. Die Schlussrechnungssumme ist ohne<br \/>Abzugzahlbar, auch wenn einige unter dem Stichwort \u201eTeilabnahme\u201c genannten Leistungen<br \/>vereinbarungsgem\u00e4\u00df erst zu einemsp\u00e4teren Zeitpunkt erfolgen sollen. Insoweit leistet der Kunde mit<br \/>der Bezahlung der Schlussrechnung eine Vorauszahlung auf die von ESB noch zu erbringen<br \/>Restleistungen. Etwaige weitere Vereinbarungen und Nebenreden existieren nicht und bed\u00fcrfenin<br \/>jedem Fall der Schriftform. Garantiebedingungen und Projektbericht sind mit Abschluss des Vertrages<br \/>akzeptiert.<\/p>\n\n<h3 class=\"wp-block-heading\">Modulanzahl<\/h3>\n\n<p>ESB schuldet eine Gesamtleistung in kWp, Anzahl der Module ist irrelevant. F\u00fchrt die Anzahl der<br \/>montierten Module zu einer h\u00f6heren Gesamtleistung, so erfolgt diese Mehrleistung f\u00fcr den Kunden<br \/>unentgeltlich und ist von dem Kunden als vertragsgem\u00e4\u00df hinzunehmen.Wir behalten uns das<br \/>Eigentum an den Liefergegenst\u00e4nden bis zur Zahlung vor. Bei vertragswidrigem Verhalten des<br \/>Bestellers, insbesondere bei Zahlungsverzug, sind wir zur R\u00fccknahme nach Mahnung berechtigt und<br \/>der Besteller zur Herausgabe verpflichtet. Es gilt ausschlie\u00dflich deutsches Recht unter Ausschluss<br \/>der Gesetze \u00fcber den internationalen Kauf beweglicher Sachen, auch wenn der Besteller seinen<br \/>Firmensitz im Ausland hat. Als Gerichtsstand gilt Augsburg vereinbart Reklamationen sind zu richten<br \/>an:<\/p>\n\n<p><br \/>ESB Konzept GmbH, Richthofen Stra\u00dfe 19, 86343 K\u00f6nigsbrunn info@esb-solar.de<\/p>\n\t\t\t\t\t\t\t\t<\/div>\n\t\t\t\t\t<\/div>\n\t\t\t\t<\/div>\n\t\t\t\t<\/div>\n\t\t","protected":false},"excerpt":{"rendered":"<p>Wer wir sind Die Adresse unserer Website ist: https:\/\/energiesysteme-bayern.de\/ Kommentare Wenn Besucher Kommentare auf der Website schreiben, sammeln wir die Daten, die im KommentarFormular angezeigt werden, au\u00dferdem die IP-Adresse des Besuchers und den User-Agent-String(damit wird der Browser identifiziert), um die Erkennung von Spam zu unterst\u00fctzen. Aus deiner E-Mail-Adresse kann eine anonymisierte Zeichenfolge erstellt (auch Hash [&hellip;]<\/p>\n","protected":false},"author":1,"featured_media":0,"parent":0,"menu_order":0,"comment_status":"closed","ping_status":"closed","template":"elementor_header_footer","meta":{"_acf_changed":false,"inline_featured_image":false,"footnotes":""},"class_list":["post-1560","page","type-page","status-publish","hentry"],"acf":[],"_links":{"self":[{"href":"https:\/\/iamarif.com\/demo\/energie\/wp-json\/wp\/v2\/pages\/1560","targetHints":{"allow":["GET"]}}],"collection":[{"href":"https:\/\/iamarif.com\/demo\/energie\/wp-json\/wp\/v2\/pages"}],"about":[{"href":"https:\/\/iamarif.com\/demo\/energie\/wp-json\/wp\/v2\/types\/page"}],"author":[{"embeddable":true,"href":"https:\/\/iamarif.com\/demo\/energie\/wp-json\/wp\/v2\/users\/1"}],"replies":[{"embeddable":true,"href":"https:\/\/iamarif.com\/demo\/energie\/wp-json\/wp\/v2\/comments?post=1560"}],"version-history":[{"count":17,"href":"https:\/\/iamarif.com\/demo\/energie\/wp-json\/wp\/v2\/pages\/1560\/revisions"}],"predecessor-version":[{"id":1578,"href":"https:\/\/iamarif.com\/demo\/energie\/wp-json\/wp\/v2\/pages\/1560\/revisions\/1578"}],"wp:attachment":[{"href":"https:\/\/iamarif.com\/demo\/energie\/wp-json\/wp\/v2\/media?parent=1560"}],"curies":[{"name":"wp","href":"https:\/\/api.w.org\/{rel}","templated":true}]}}